{"id":2682,"date":"2023-05-19T09:42:26","date_gmt":"2023-05-19T12:42:26","guid":{"rendered":"http:\/\/www.colegiogermania.cl\/principal\/?page_id=2682"},"modified":"2023-05-19T18:32:20","modified_gmt":"2023-05-19T21:32:20","slug":"electivos","status":"publish","type":"page","link":"http:\/\/www.colegiogermania.cl\/principal\/electivos\/","title":{"rendered":"Electivos III y IV Medios (Formaci\u00f3n Diferenciada Humanista Cient\u00edfico)"},"content":{"rendered":"<section class=\"wpb-content-wrapper\"><p>[vc_row css=\u00bb.vc_custom_1684530609792{background-color: #fcfcfc !important;}\u00bb][vc_column width=\u00bb5\/6&#8243;][vc_column_text]<\/p>\n<h2>\u00c1REA A<\/h2>\n<p>[\/vc_column_text][\/vc_column][vc_column width=\u00bb1\/6&#8243;][vc_icon icon_fontawesome=\u00bbfas fa-book\u00bb][\/vc_column][\/vc_row][vc_row][vc_column][vc_tta_accordion][vc_tta_section title=\u00bbComprensi\u00f3n hist\u00f3rica del presente\u00bb tab_id=\u00bb1684530326338-a158cda4-21b1&#8243;][vc_column_text]<img loading=\"lazy\" decoding=\"async\" class=\"size-medium wp-image-2719 alignright\" src=\"http:\/\/www.colegiogermania.cl\/principal\/wp-content\/uploads\/2023\/05\/comprension-historica-presente.gif\" alt=\"\" width=\"500\" height=\"250\" \/>Esta asignatura ofrece oportunidades para que los estudiantes analicen, elaboren preguntas y reflexionen sobre la historia y el presente. Ello implica que podr\u00e1n reconocer y dimensionar hist\u00f3ricamente los cambios sociales m\u00e1s recientes, discutir la importancia del conocimiento hist\u00f3rico en la sociedad e identificar y valorar las posibilidades que tienen las personas y grupos de participar en el mejoramiento de la sociedad en que viven.[\/vc_column_text][\/vc_tta_section][vc_tta_section title=\u00bbGeograf\u00eda, Territorio y Desaf\u00edos Socioambientales\u00bb tab_id=\u00bb1684530326879-ed934bea-b79b\u00bb][vc_column_text]<video class=\"size-medium wp-image-2701 alignright\" autoplay=\"autoplay\" loop=\"loop\" muted=\"\" width=\"500\" height=\"250\"><source src=\"http:\/\/www.colegiogermania.cl\/principal\/wp-content\/uploads\/2023\/05\/iStock-913131680.mp4\" type=\"video\/mp4\" \/><\/video><br \/>\nEsta asignatura ofrece oportunidades para comprender conceptos y habilidades de la disciplina geogr\u00e1fica que se ponen en juego en la vida cotidiana, en el entendido de que los seres humanos somos parte activa del espacio en el que nos desarrollamos. Esto se expresa, por ejemplo, en el uso y la organizaci\u00f3n espacial de las ciudades y los asentamientos humanos, y en la relaci\u00f3n de la sociedad con el medioambiente.[\/vc_column_text][\/vc_tta_section][vc_tta_section title=\u00bbEconom\u00eda y Sociedad\u00bb tab_id=\u00bb1684530325751-f47cd7b1-319f\u00bb][vc_column_text]<img loading=\"lazy\" decoding=\"async\" class=\"size-medium wp-image-2735 alignright\" src=\"http:\/\/www.colegiogermania.cl\/principal\/wp-content\/uploads\/2023\/05\/economia.gif\" alt=\"\" width=\"500\" height=\"250\" \/>Esta asignatura profundiza en el conocimiento de la econom\u00eda como ciencia social, para que los estudiantes sean capaces de relacionar sus conceptos y principios fundamentales con su propia vida y aplicarlos para comprender el funcionamiento econ\u00f3mico de la sociedad.[\/vc_column_text][\/vc_tta_section][vc_tta_section title=\u00bbTaller de Literatura\u00bb tab_id=\u00bb1684530326239-9e8fde33-3055&#8243;][vc_column_text]<img loading=\"lazy\" decoding=\"async\" class=\"size-medium wp-image-2716 alignright\" src=\"http:\/\/www.colegiogermania.cl\/principal\/wp-content\/uploads\/2023\/05\/literatura.gif\" alt=\"\" width=\"500\" height=\"250\" \/><\/p>\n<p>El prop\u00f3sito de esta asignatura es promover el uso creativo del lenguaje, explorar nuevas maneras de interpretar obras literarias y comunicar creativamente experiencias y realidades, lo que ofrece oportunidades a los estudiantes para reflexionar sobre s\u00ed mismos y acerca del mundo.[\/vc_column_text][\/vc_tta_section][vc_tta_section title=\u00bbLectura y Escritura Especializadas\u00bb tab_id=\u00bb1684530325677-c88fa5a2-03a1&#8243;][vc_column_text]<video class=\"size-medium wp-image-2701 alignright\" autoplay=\"autoplay\" loop=\"loop\" muted=\"\" width=\"500\" height=\"250\"><source src=\"http:\/\/www.colegiogermania.cl\/principal\/wp-content\/uploads\/2023\/05\/iStock-1144379463.mp4\" type=\"video\/mp4\" \/><\/video><\/p>\n<p>Esta asignatura tiene el objetivo de preparar a los estudiantes para comunicarse por escrito en comunidades discursivas especializadas, sean estas acad\u00e9micas o de \u00e1mbitos laborales espec\u00edficos.[\/vc_column_text][\/vc_tta_section][vc_tta_section title=\u00bbParticipaci\u00f3n y Argumentaci\u00f3n en Democracia\u00bb tab_id=\u00bb1684530326134-4d41386b-9c02&#8243;][vc_column_text]<img decoding=\"async\" class=\"size-medium wp-image-2718 alignright\" src=\"http:\/\/www.colegiogermania.cl\/principal\/wp-content\/uploads\/2023\/05\/democracia.gif\" alt=\"\" width=\"500px\" height=\"250px\" \/><\/p>\n<p>Esta asignatura tiene como prop\u00f3sito formativo ofrecer a los estudiantes oportunidades para el desarrollo de habilidades que les permitan participar discursiva y cr\u00edticamente en una sociedad democr\u00e1tica.[\/vc_column_text][\/vc_tta_section][\/vc_tta_accordion][\/vc_column][\/vc_row][vc_row][vc_column][vc_separator][\/vc_column][\/vc_row][vc_row css=\u00bb.vc_custom_1684530609792{background-color: #fcfcfc !important;}\u00bb][vc_column width=\u00bb5\/6&#8243;][vc_column_text]<\/p>\n<h2>\u00c1REA B<\/h2>\n<p>[\/vc_column_text][\/vc_column][vc_column width=\u00bb1\/6&#8243;][vc_icon icon_fontawesome=\u00bbfas fa-flask\u00bb][\/vc_column][\/vc_row][vc_row][vc_column][vc_tta_accordion][vc_tta_section title=\u00bbBiolog\u00eda Celular y Molecular\u00bb tab_id=\u00bb1684530769342-15bb2bfb-46ef\u00bb][vc_column_text]<video class=\"size-medium wp-image-2701 alignright\" autoplay=\"autoplay\" loop=\"loop\" muted=\"\" width=\"500\" height=\"250\"><source src=\"http:\/\/www.colegiogermania.cl\/principal\/wp-content\/uploads\/2023\/05\/iStock-473369447.mp4\" type=\"video\/mp4\" \/><\/video><br \/>\nEsta asignatura promueve en los estudiantes el aprendizaje y la profundizaci\u00f3n de conocimientos de biolog\u00eda, junto con el desarrollo de habilidades y actitudes necesarias para entender y relacionarse con y en el mundo que los rodea, abordando problemas de forma integrada con base en el an\u00e1lisis de evidencia.[\/vc_column_text][\/vc_tta_section][vc_tta_section title=\u00bbCiencias de la Salud\u00bb tab_id=\u00bb1684530769475-7cb118d9-fbe3&#8243;][vc_column_text]<img loading=\"lazy\" decoding=\"async\" class=\"size-medium wp-image-2726 alignright\" src=\"http:\/\/www.colegiogermania.cl\/principal\/wp-content\/uploads\/2023\/05\/ciencias-salud.gif\" alt=\"\" width=\"500\" height=\"250\" \/>La asignatura de Ciencias de la Salud es de inter\u00e9s para quienes deseen desarrollar una comprensi\u00f3n integral sobre temas de salud humana. Asimismo, se espera que comprendan, sobre base cient\u00edfica, que la salud y el bienestar de las personas son inseparables del comportamiento colectivo de la sociedad y del estado de los sistemas naturales, integrando comprensivamente la salud individual con la salud p\u00fablica y la salud ecosist\u00e9mica.[\/vc_column_text][\/vc_tta_section][vc_tta_section title=\u00bbF\u00edsica\u00bb tab_id=\u00bb1684530769607-a0e5ce72-6dbd\u00bb][vc_column_text]<img loading=\"lazy\" decoding=\"async\" class=\"size-full wp-image-2693 alignright\" src=\"http:\/\/www.colegiogermania.cl\/principal\/wp-content\/uploads\/2023\/05\/fisica.gif\" alt=\"\" width=\"500\" height=\"250\" \/><\/p>\n<p>Esta asignatura profundiza en t\u00f3picos de mec\u00e1nica cl\u00e1sica, f\u00edsica moderna, el Universo y ciencias de la Tierra, lo que favorecer\u00e1 que entiendan de modo integral el desarrollo y la evoluci\u00f3n del conocimiento cient\u00edfico, y que puedan elaborar explicaciones sobre la organizaci\u00f3n y el funcionamiento de la naturaleza, desde lo m\u00e1s peque\u00f1o hasta las grandes estructuras estudiadas hasta ahora.[\/vc_column_text][\/vc_tta_section][vc_tta_section title=\u00bbQu\u00edmica\u00bb tab_id=\u00bb1684530769742-cf62ff57-ca30&#8243;][vc_column_text]<video class=\"size-medium wp-image-2701 alignright\" autoplay=\"autoplay\" loop=\"loop\" muted=\"\" width=\"500\" height=\"250\"><source src=\"http:\/\/www.colegiogermania.cl\/principal\/wp-content\/uploads\/2023\/05\/iStock-932528784.mp4\" type=\"video\/mp4\" \/><\/video><br \/>\nEsta asignatura permite acercarse a temas en desarrollo en la qu\u00edmica, como la nanoqu\u00edmica y la qu\u00edmica de pol\u00edmeros, y genera espacios para que analicen los cambios vinculados con el desarrollo tecnol\u00f3gico qu\u00edmico.[\/vc_column_text][\/vc_tta_section][vc_tta_section title=\u00bbL\u00edmites, Derivadas e Integrales\u00bb tab_id=\u00bb1684530769904-f18efa73-076e\u00bb][vc_column_text]<\/p>\n<p><img loading=\"lazy\" decoding=\"async\" class=\"size-medium wp-image-2725 alignright\" src=\"http:\/\/www.colegiogermania.cl\/principal\/wp-content\/uploads\/2023\/05\/limites-integrales.gif\" alt=\"\" width=\"500\" height=\"250\" \/>Esta asignatura ofrece la oportunidad de comprender y utilizar conceptos fundamentales del c\u00e1lculo infinitesimal. El estudio se hace desde una aproximaci\u00f3n que se fundamenta tanto en el uso abundante de ejemplos y de resoluci\u00f3n de problemas cercanos y accesibles, como en la necesaria formalizaci\u00f3n de las nociones que se utilizan. De esta manera, proporciona oportunidades de visualizar conceptos y situaciones, de plantear conjeturas y validarlas, y de experimentar o proponer soluciones, con uso de las tecnolog\u00edas digitales.<\/p>\n<p>[\/vc_column_text][\/vc_tta_section][vc_tta_section title=\u00bbProbabilidades y estad\u00edstica descriptiva inferencial\u00bb tab_id=\u00bb1684530770190-96df470d-870d\u00bb][vc_column_text]<video class=\"size-medium wp-image-2701 alignright\" autoplay=\"autoplay\" loop=\"loop\" muted=\"\" width=\"500\" height=\"250\"><source src=\"http:\/\/www.colegiogermania.cl\/principal\/wp-content\/uploads\/2023\/05\/iStock-483771723.mp4\" type=\"video\/mp4\" \/><\/video><br \/>\nEsta asignatura trata del razonamiento y la toma de decisiones en condiciones de incerteza. Ofrece oportunidades de aprendizaje para integrar las probabilidades y la estad\u00edstica como una herramienta para el estudio de diversas situaciones o fen\u00f3menos sociales y cient\u00edficos, instancias en las que se requiere extraer conclusiones y tomar decisiones con base en datos cuantitativos, as\u00ed como comunicar y argumentar resultados y validar conclusiones o hallazgos acerca de muestras y poblaciones.[\/vc_column_text][\/vc_tta_section][vc_tta_section title=\u00bbPensamiento Computacional y Programaci\u00f3n\u00bb tab_id=\u00bb1684530770320-6cf207be-5186&#8243;][vc_column_text]<img loading=\"lazy\" decoding=\"async\" class=\"size-medium wp-image-2724 alignright\" src=\"http:\/\/www.colegiogermania.cl\/principal\/wp-content\/uploads\/2023\/05\/programacion.gif\" alt=\"\" width=\"500\" height=\"250\" \/>El pensamiento computacional y la programaci\u00f3n proveen al estudiante oportunidades de aprendizaje para desarrollar el conocimiento y saber hacer, necesarios para comprender, analizar cr\u00edticamente y actuar en un espacio fuertemente influenciado por las tecnolog\u00edas digitales.[\/vc_column_text][\/vc_tta_section][\/vc_tta_accordion][\/vc_column][\/vc_row][vc_row][vc_column][vc_separator][\/vc_column][\/vc_row][vc_row css=\u00bb.vc_custom_1684530609792{background-color: #fcfcfc !important;}\u00bb][vc_column width=\u00bb5\/6&#8243;][vc_column_text]<\/p>\n<h2>\u00c1REA C<\/h2>\n<p>[\/vc_column_text][\/vc_column][vc_column width=\u00bb1\/6&#8243;][vc_icon icon_fontawesome=\u00bbfas fa-icons\u00bb][\/vc_column][\/vc_row][vc_row][vc_column][vc_tta_accordion][vc_tta_section title=\u00bbArtes visuales, audiovisuales y multimediales\u00bb tab_id=\u00bb1684530661759-a6a1686d-87b5&#8243;][vc_column_text]<video class=\"size-medium wp-image-2701 alignright\" autoplay=\"autoplay\" loop=\"loop\" muted=\"\" width=\"500\" height=\"250\"><source src=\"http:\/\/www.colegiogermania.cl\/principal\/wp-content\/uploads\/2023\/05\/iStock-960720004.mp4\" type=\"video\/mp4\" \/><\/video><br \/>\nEsta asignatura busca fortalecer y estimular habilidades del pensamiento creativo y del pensamiento est\u00e9tico, de modo que los estudiantes puedan comprender y utilizar los lenguajes art\u00edsticos en un contexto poblado por est\u00edmulos visuales y audiovisuales.[\/vc_column_text][\/vc_tta_section][vc_tta_section title=\u00bbCreaci\u00f3n y Composici\u00f3n Musical\u00bb tab_id=\u00bb1684530663314-da8ef3be-6f91&#8243;][vc_column_text]<img loading=\"lazy\" decoding=\"async\" class=\"size-medium wp-image-2727 alignright\" src=\"http:\/\/www.colegiogermania.cl\/principal\/wp-content\/uploads\/2023\/05\/creacion-composicion-musical.gif\" alt=\"\" width=\"500\" height=\"250\" \/>La m\u00fasica provee a los estudiantes de una gran variedad de formas y medios de expresi\u00f3n que favorecen el desarrollo de habilidades como la creaci\u00f3n, el an\u00e1lisis y la evaluaci\u00f3n, y permite el trabajo expresivo en libertad y fomentando el sentido de identidad personal y colectiva.[\/vc_column_text][\/vc_tta_section][vc_tta_section title=\u00bbDise\u00f1o y Arquitectura\u00bb tab_id=\u00bb1684530662513-e3ef3aa3-df26&#8243;][vc_column_text]<img loading=\"lazy\" decoding=\"async\" class=\"size-medium wp-image-2720 alignright\" src=\"http:\/\/www.colegiogermania.cl\/principal\/wp-content\/uploads\/2023\/05\/diseno-arquitectura.gif\" alt=\"\" width=\"500\" height=\"250\" \/>En esta asignatura se espera que los estudiantes elaboren proyectos de arquitectura y piezas de dise\u00f1o y que las difundan y comuniquen en sus comunidades. Por otro lado, se busca que aprecien y valoren est\u00e9ticamente obras de arquitectura y piezas de dise\u00f1o patrimoniales y contempor\u00e1neas con las que est\u00e1n en contacto en su vida cotidiana, desde un punto de vista est\u00e9tico, funcional y de sustentabilidad medioambiental, cuando corresponda.[\/vc_column_text][\/vc_tta_section][vc_tta_section title=\u00bbInterpretaci\u00f3n y Creaci\u00f3n en Danza\u00bb tab_id=\u00bb1684530663447-c326bef4-6d0b\u00bb][vc_column_text]<\/p>\n<p><img loading=\"lazy\" decoding=\"async\" class=\"size-medium wp-image-2728 alignright\" src=\"http:\/\/www.colegiogermania.cl\/principal\/wp-content\/uploads\/2023\/05\/danza-contemporanea.gif\" alt=\"\" width=\"500\" height=\"250\" \/>Esta asignatura tiene como prop\u00f3sito fomentar la toma de conciencia del propio cuerpo como una v\u00eda de expresi\u00f3n, interpretaci\u00f3n y creaci\u00f3n. A partir de la comprensi\u00f3n del movimiento y sus posibilidades de comunicaci\u00f3n y del reconocimiento de las emociones propias y de otros, se busca fortalecer la autopercepci\u00f3n y la conexi\u00f3n del cuerpo con la mente.<\/p>\n<p>[\/vc_column_text][\/vc_tta_section][vc_tta_section title=\u00bbInterpretaci\u00f3n Musical\u00bb tab_id=\u00bb1684530662666-ed4a3fe0-af0f\u00bb][vc_column_text]<\/p>\n<p><img loading=\"lazy\" decoding=\"async\" class=\"size-medium wp-image-2721 alignright\" src=\"http:\/\/www.colegiogermania.cl\/principal\/wp-content\/uploads\/2023\/05\/interpretacion-musical.gif\" alt=\"\" width=\"500\" height=\"250\" \/>Esta asignatura tiene como objetivo entregar a los estudiantes conocimientos y habilidades interpretativas, tanto en el \u00e1mbito vocal como instrumental, que les permitan abordar obras musicales en diversos formatos y estilos, y tambi\u00e9n les sirven de base para continuar estudios superiores en el \u00e1mbito de la interpretaci\u00f3n musical.<\/p>\n<p>[\/vc_column_text][\/vc_tta_section][\/vc_tta_accordion][\/vc_column][\/vc_row]<\/p>\n<\/section>","protected":false},"excerpt":{"rendered":"<p>[vc_row css=\u00bb.vc_custom_1684530609792{background-color: #fcfcfc !important;}\u00bb][vc_column width=\u00bb5\/6&#8243;][vc_column_text] \u00c1REA A [\/vc_column_text][\/vc_column][vc_column width=\u00bb1\/6&#8243;][vc_icon icon_fontawesome=\u00bbfas fa-book\u00bb][\/vc_column][\/vc_row][vc_row][vc_column][vc_tta_accordion][vc_tta_section title=\u00bbComprensi\u00f3n hist\u00f3rica del presente\u00bb tab_id=\u00bb1684530326338-a158cda4-21b1&#8243;][vc_column_text]Esta asignatura ofrece oportunidades para [&hellip;]<\/p>\n","protected":false},"author":1,"featured_media":0,"parent":0,"menu_order":0,"comment_status":"closed","ping_status":"closed","template":"","meta":{"footnotes":""},"class_list":["post-2682","page","type-page","status-publish","hentry"],"_links":{"self":[{"href":"http:\/\/www.colegiogermania.cl\/principal\/wp-json\/wp\/v2\/pages\/2682","targetHints":{"allow":["GET"]}}],"collection":[{"href":"http:\/\/www.colegiogermania.cl\/principal\/wp-json\/wp\/v2\/pages"}],"about":[{"href":"http:\/\/www.colegiogermania.cl\/principal\/wp-json\/wp\/v2\/types\/page"}],"author":[{"embeddable":true,"href":"http:\/\/www.colegiogermania.cl\/principal\/wp-json\/wp\/v2\/users\/1"}],"replies":[{"embeddable":true,"href":"http:\/\/www.colegiogermania.cl\/principal\/wp-json\/wp\/v2\/comments?post=2682"}],"version-history":[{"count":26,"href":"http:\/\/www.colegiogermania.cl\/principal\/wp-json\/wp\/v2\/pages\/2682\/revisions"}],"predecessor-version":[{"id":2736,"href":"http:\/\/www.colegiogermania.cl\/principal\/wp-json\/wp\/v2\/pages\/2682\/revisions\/2736"}],"wp:attachment":[{"href":"http:\/\/www.colegiogermania.cl\/principal\/wp-json\/wp\/v2\/media?parent=2682"}],"curies":[{"name":"wp","href":"https:\/\/api.w.org\/{rel}","templated":true}]}}