{"id":3931,"date":"2024-03-22T11:19:31","date_gmt":"2024-03-22T14:19:31","guid":{"rendered":"https:\/\/www.colegiogermania.cl\/principal\/?page_id=3931"},"modified":"2024-03-22T11:19:31","modified_gmt":"2024-03-22T14:19:31","slug":"admision-2024","status":"publish","type":"page","link":"http:\/\/www.colegiogermania.cl\/principal\/admision-2024\/","title":{"rendered":"Admisi\u00f3n 2024"},"content":{"rendered":"<section class=\"wpb-content-wrapper\"><p>[vc_row][vc_column][vc_column_text]<\/p>\n<h1 class=\"contentheading\">Cupos Disponibles: Proceso extraordinario de postulaci\u00f3n 2024<\/h1>\n<p>El Colegio Germania del Verbo Divino informa que dispone de las siguientes vacantes para el a\u00f1o escolar 2024:<\/p>\n<figure class=\"wp-block-table\">\n<table>\n<tbody>\n<tr>\n<td><strong>Curso<\/strong><\/td>\n<td><strong>Vacantes disponibles<\/strong><\/td>\n<td><strong>Capacidad por curso 2023<\/strong><\/td>\n<\/tr>\n<tr>\n<td>1\u00b0 B\u00e1sico<\/td>\n<td>3<\/td>\n<td>35<\/td>\n<\/tr>\n<tr>\n<td>2\u00b0 B\u00e1sico<\/td>\n<td>1<\/td>\n<td>35<\/td>\n<\/tr>\n<tr>\n<td>3\u00b0 B\u00e1sico<\/td>\n<td>1<\/td>\n<td>36<\/td>\n<\/tr>\n<tr>\n<td>4\u00b0 B\u00e1sico<\/td>\n<td>4<\/td>\n<td>35<\/td>\n<\/tr>\n<tr>\n<td>5\u00b0 B\u00e1sico<\/td>\n<td>2<\/td>\n<td>36<\/td>\n<\/tr>\n<tr>\n<td>6\u00b0 B\u00e1sico<\/td>\n<td>3<\/td>\n<td>36<\/td>\n<\/tr>\n<tr>\n<td>7\u00b0 B\u00e1sico<\/td>\n<td>1<\/td>\n<td>36<\/td>\n<\/tr>\n<tr>\n<td>8\u00b0 B\u00e1sico<\/td>\n<td>2<\/td>\n<td>36<\/td>\n<\/tr>\n<tr>\n<td>I Medio<\/td>\n<td>4<\/td>\n<td>36<\/td>\n<\/tr>\n<tr>\n<td>II Medio<\/td>\n<td>3<\/td>\n<td>36<\/td>\n<\/tr>\n<tr>\n<td>III Medio<\/td>\n<td>4<\/td>\n<td>36<\/td>\n<\/tr>\n<tr>\n<td><strong>TOTAL<\/strong><\/td>\n<td><strong>28<\/strong><\/td>\n<td><strong>\u00a0<\/strong><\/td>\n<\/tr>\n<\/tbody>\n<\/table>\n<\/figure>\n<p>Antecedentes:<\/p>\n<p>1. Solicitud de Postulaci\u00f3n. Descargar aqu\u00ed:<\/p>\n<pre class=\"wp-block-code\"><code><a href=\"http:\/\/www.colegiogermania.cl\/principal\/wp-content\/uploads\/2024\/01\/SOLICITUD-DE-POSTULACION-2024.pdf\" target=\"_blank\" rel=\"noreferrer noopener\">SOLICITUD-DE-POSTULACION-2024 <\/a>(<a class=\"wp-block-file__button wp-element-button\" href=\"http:\/\/www.colegiogermania.cl\/principal\/wp-content\/uploads\/2024\/01\/SOLICITUD-DE-POSTULACION-2024.pdf\" download=\"\" aria-describedby=\"wp-block-file--media-5eaecf53-a1d6-4b0b-bc16-c0a289fbba6c\">Descarga)<\/a><\/code><\/pre>\n<p>2. Certificado de nacimiento del postulante (documento original).<\/p>\n<p>3. Certificado de salud compatible con la actividad f\u00edsica. (para postulantes de Ense\u00f1anza B\u00e1sica y Media).<\/p>\n<p>4. Certificado Anual de notas 2023<\/p>\n<p>5. Informe de Desarrollo Personal y Social 2023<\/p>\n<p>6. Para los alumnos que postulen a 1\u00ba b\u00e1sico deben presentar el informe del jard\u00edn o colegio a\u00f1o 2023 e informe de desarrollo personal primer semestre 2023.<\/p>\n<p>7. Rendir examen de admisi\u00f3n de\u00a0 Lenguaje y Matem\u00e1tica , el viernes 5 de enero a las 09:00 h. en dependencias del Colegio.<\/p>\n<p>8.- Los resultados ser\u00e1n publicados en\u00a0 el fichero de la Secretar\u00eda de Rector\u00eda as\u00ed como en nuestra p\u00e1gina web el Mi\u00e9rcoles 10 de enero, a\u00a0 partir de las 11:00 h.<\/p>\n<hr class=\"wp-block-separator has-alpha-channel-opacity\" \/>\n<p>Mayores informaciones en Secretar\u00eda de Rector\u00eda, con Srta. Margot Rosas,\u00a0al fono (65)-2384717, o al email\u00a0\u00a0<a href=\"mailto:mrosas@colegiogermania.cl\">mrosas@colegiogermania.cl<\/a><\/p>\n<p><a href=\"http:\/\/www.colegiogermania.cl\/\">www.colegiogermania.cl<\/a><\/p>\n<hr class=\"wp-block-separator has-alpha-channel-opacity\" \/>\n<p><strong><u>Aranceles referencial 2024<\/u><\/strong>:<\/p>\n<ul>\n<li>Cuota de Incorporaci\u00f3n: 15 UF por alumno (por 2 -25 UF, por 3 -35 UF)<\/li>\n<li>Matricula: 15 UF por alumno<\/li>\n<li>M. Menor y M. Mayor: 83 UF anual<\/li>\n<li>Prekinder a 4\u00ba B\u00e1sico: 98 UF anual<\/li>\n<li>5\u00ba a 8\u00ba B\u00e1sico: 103 UF anual<\/li>\n<li>I a IV Medio: 108 UF anual<\/li>\n<li>Formas de pago: Documentar con cheque, transferencia, efectivo.<\/li>\n<li>Centro de Padres: $ 50.000.- (anual por familia)<\/li>\n<\/ul>\n<p>[\/vc_column_text][vc_separator][\/vc_column][\/vc_row][vc_row][vc_column][vc_column_text]<\/p>\n<h1 class=\"contentheading\">Proceso de Admisi\u00f3n Ed. Parvularia<\/h1>\n<p>[\/vc_column_text][\/vc_column][vc_column][vc_single_image image=\u00bb3282&#8243; img_size=\u00bbfull\u00bb][\/vc_column][vc_column][vc_separator][\/vc_column][vc_column][vc_column_text]<\/p>\n<h1 class=\"contentheading\">Postulaci\u00f3n Educaci\u00f3n Parvularia 2024<\/h1>\n<p>[\/vc_column_text][vc_column_text]Queridas familias postulantes:<\/p>\n<p>El Colegio Germania del Verbo Divino abre el proceso de postulaci\u00f3n de alumnos para los niveles de Medio Menor y Medio Mayor 2024.<\/p>\n<p>&nbsp;<\/p>\n<p style=\"text-align: left;\">Wilhelmus Jemada, SVD<br \/>\nRector<\/p>\n<p>&nbsp;<\/p>\n<p><strong>1) Criterios Generales de Postulaci\u00f3n y Admisi\u00f3n:<\/strong><\/p>\n<ol>\n<li>El colegio entiende que la familia que postula y se matricula en el establecimiento, est\u00e1 de acuerdo y asume su Proyecto Educativo, Ideario Pedag\u00f3gico y Reglamentos ya conocidos a trav\u00e9s de su p\u00e1gina web.<\/li>\n<li>La admisi\u00f3n depender\u00e1 en primer lugar de los cupos disponibles en cada curso, otorg\u00e1ndose prioridad a las familias de nuestra comunidad educativa, es decir a los hermanos de alumnos, hijos de exalumnos e hijos de funcionarios.<\/li>\n<\/ol>\n<p>&nbsp;<\/p>\n<p><strong>2) N\u00famero de Vacantes: <\/strong><\/p>\n<ol>\n<li>Nivel Medio Menor: 30 vacantes<\/li>\n<li>Nivel Medio Mayor: 36 vacantes<strong>\u00a0<\/strong><\/li>\n<\/ol>\n<p><strong>3) Documentos a presentar: <\/strong><\/p>\n<p><strong>Obligatorios: <\/strong><\/p>\n<ol>\n<li>Ficha de Postulaci\u00f3n. Descargar en: www.colegiogermania.cl e imprimir.<\/li>\n<li>Certificado de nacimiento del postulante (documento original).<\/li>\n<li>Certificado m\u00e9dico o del especialista que corresponda, solamente en caso que sea algo necesario de informar al Colegio (fonoaudi\u00f3logo, otorrino, psic\u00f3logo, neur\u00f3logo, enfermedades importantes). Debe ser entregado al momento de la postulaci\u00f3n.<\/li>\n<\/ol>\n<p><strong>\u00a0<\/strong><\/p>\n<p><strong>En caso de existir: <\/strong><\/p>\n<ol start=\"4\">\n<li>Informe del Jard\u00edn Infantil del 2022 o de a\u00f1os anteriores, si hubiera.<\/li>\n<\/ol>\n<p><strong>\u00a0<\/strong><\/p>\n<p><strong>4) Edad del postulante: <\/strong><\/p>\n<ol>\n<li>Medio Menor: 2 a\u00f1os cumplidos al 31 de marzo 2024.<\/li>\n<li>Medio Mayor: 3 a\u00f1os cumplidos al 31 de marzo 2024.<\/li>\n<\/ol>\n<p>&nbsp;<\/p>\n<p><strong>5) Fechas de Postulaci\u00f3n: <\/strong><\/p>\n<p>Inscripciones y entrega de antecedentes en Secretar\u00eda de Rector\u00eda a partir del 17 de abril hasta el 12 de mayo 2023.<\/p>\n<p>&nbsp;<\/p>\n<p><strong>6) Entrevista con los padres: <\/strong><\/p>\n<p>Esta es una excelente oportunidad de conocernos mutuamente y complementar el proyecto familiar con el Proyecto Educativo Institucional. A partir del 16 de mayo, y con la anticipaci\u00f3n debida, los padres de los postulantes ser\u00e1n citados telef\u00f3nicamente a la entrevista, que puede ser on line o presencial si las condiciones lo permiten.<\/p>\n<p>&nbsp;<\/p>\n<p><strong>7) Observaci\u00f3n diagn\u00f3stica:<\/strong><\/p>\n<p>El d\u00eda lunes 15 de mayo, de 14.30 a 15.30 hrs. En las salas del nivel de Educaci\u00f3n Parvularia. Tiene por objetivo apreciar c\u00f3mo se relaciona con otros pares y el entorno, c\u00f3mo es el nivel expresivo y comprensivo, grado de autonom\u00eda y capacidad de seguir instrucciones simples. (S\u00f3lo postulantes al nivel medio mayor).<\/p>\n<p>&nbsp;<\/p>\n<p><strong>8) Resultados y Per\u00edodo de Matr\u00edcula: <\/strong><\/p>\n<p>Ser\u00e1n comunicados directamente a los padres, al finalizar el periodo de entrevistas, v\u00eda correo electr\u00f3nico o v\u00eda telef\u00f3nica, y adem\u00e1s ser\u00e1n publicados en la p\u00e1gina web del colegio y en un lugar visible de nuestras dependencias.<\/p>\n<p>&nbsp;<\/p>\n<p><strong>9) Aranceles: (Referencial al 2023) <\/strong><\/p>\n<p>&#8211; Matr\u00edcula: UF 15<\/p>\n<p>&#8211; Arancel Medio Menor y Mayor: UF 78 anual<\/p>\n<p>&#8211; Centro de Padres: $50.000 anual por familia<\/p>\n<p>&#8211; Cuota de Incorporaci\u00f3n alumnos nuevos: Los niveles Medio Menor y Mayor quedan exentos de este pago.<\/p>\n<p>&nbsp;<\/p>\n<p><strong>10) Postulantes con Necesidades Educativas Especiales: <\/strong><\/p>\n<p>Frente a cada postulante el Colegio Germania eval\u00faa sus reales posibilidades para atender a nuevos estudiantes con alg\u00fan tipo de necesidad educativa especial considerando factores como:<\/p>\n<p>a.- n\u00famero de estudiantes con necesidades educativas especiales de car\u00e1cter transitorio y, particularmente, de car\u00e1cter permanente, desde los niveles de educaci\u00f3n parvularia, educaci\u00f3n b\u00e1sica, hasta ense\u00f1anza media, que se encuentran actualmente en el colegio.<\/p>\n<p>b.- Reales posibilidades de respuesta educativa de calidad, a estudiantes y sus familias con mayores necesidades de apoyo y de car\u00e1cter m\u00e1s permanente.[\/vc_column_text][vc_separator][\/vc_column][\/vc_row][vc_row][vc_column][vc_column_text]<\/p>\n<h1 class=\"contentheading\">N\u00f3mina de Seleccionados<\/h1>\n<p>[\/vc_column_text][\/vc_column][vc_column][vc_column_text]<b>NIVEL: MEDIO MENOR<\/b><\/p>\n<div>\n<table border=\"0\">\n<tbody>\n<tr>\n<td><\/td>\n<td><b>Curso<\/b><\/td>\n<td colspan=\"3\"><b>Identificaci\u00f3n Alumno<\/b><\/td>\n<\/tr>\n<tr>\n<td><b>N\u00ba<\/b><\/td>\n<td><b>Post.<\/b><\/td>\n<td><b>Ap. Pat.<\/b><\/td>\n<td><b>Ap.Mat.<\/b><\/td>\n<td><b>Nombres<\/b><\/td>\n<\/tr>\n<tr>\n<td>1<\/td>\n<td>N. MMenor<\/td>\n<td>Oyarzo<\/td>\n<td>Villegas<\/td>\n<td>Facundo Esteban Ademar<\/td>\n<\/tr>\n<tr>\n<td>2<\/td>\n<td>N. MMenor<\/td>\n<td>Otaegui<\/td>\n<td>Mu\u00f1oz<\/td>\n<td>Clemente Jos\u00e9<\/td>\n<\/tr>\n<tr>\n<td>3<\/td>\n<td>N. MMenor<\/td>\n<td>Pe\u00f1a<\/td>\n<td>Hott<\/td>\n<td>Agust\u00edn Jos\u00e9<\/td>\n<\/tr>\n<tr>\n<td>4<\/td>\n<td>N. MMenor<\/td>\n<td>Osses<\/td>\n<td>Z\u00e1rate<\/td>\n<td>Facundo Emiliio<\/td>\n<\/tr>\n<tr>\n<td>5<\/td>\n<td>N. MMenor<\/td>\n<td>Raccoursier<\/td>\n<td>Adriazola<\/td>\n<td>Mat\u00edas<\/td>\n<\/tr>\n<tr>\n<td>6<\/td>\n<td>N. MMenor<\/td>\n<td>Montiel<\/td>\n<td>Calder\u00f3n<\/td>\n<td>Colomba Ignacia<\/td>\n<\/tr>\n<tr>\n<td>7<\/td>\n<td>N. MMenor<\/td>\n<td>Gallardo<\/td>\n<td>Galindo<\/td>\n<td>Mart\u00edn Alonso<\/td>\n<\/tr>\n<tr>\n<td>8<\/td>\n<td>N. MMenor<\/td>\n<td>Vyhmesiter<\/td>\n<td>Tampe<\/td>\n<td>Anne Marie<\/td>\n<\/tr>\n<tr>\n<td>9<\/td>\n<td>N. MMenor<\/td>\n<td>Palma<\/td>\n<td>Berner<\/td>\n<td>Emilia<\/td>\n<\/tr>\n<tr>\n<td>10<\/td>\n<td>N. MMenor<\/td>\n<td>Sep\u00falveda<\/td>\n<td>Valenzuela<\/td>\n<td>Mateo Ignacio<\/td>\n<\/tr>\n<tr>\n<td>11<\/td>\n<td>N. MMenor<\/td>\n<td>Jim\u00e9nez<\/td>\n<td>Valencia<\/td>\n<td>Josefa Adriana<\/td>\n<\/tr>\n<tr>\n<td>12<\/td>\n<td>N. MMenor<\/td>\n<td>Hechenleitner<\/td>\n<td>Vilaboa<\/td>\n<td>Mat\u00edas Ignacio<\/td>\n<\/tr>\n<tr>\n<td>13<\/td>\n<td>N. MMenor<\/td>\n<td>Cartes<\/td>\n<td>Z\u00fa\u00f1iga<\/td>\n<td>Leonor Valentina<\/td>\n<\/tr>\n<tr>\n<td>14<\/td>\n<td>N. MMenor<\/td>\n<td>Gallo<\/td>\n<td>Bacigalupo<\/td>\n<td>Pascal<\/td>\n<\/tr>\n<tr>\n<td>15<\/td>\n<td>N. MMenor<\/td>\n<td>Astudillo<\/td>\n<td>Ortiz<\/td>\n<td>Loreto Paulina<\/td>\n<\/tr>\n<tr>\n<td>16<\/td>\n<td>N. MMenor<\/td>\n<td>Gallardo<\/td>\n<td>Caro<\/td>\n<td>Isidora Antonia<\/td>\n<\/tr>\n<tr>\n<td>17<\/td>\n<td>N. MMenor<\/td>\n<td>Santiago<\/td>\n<td>Y\u00e1\u00f1ez<\/td>\n<td>Valentino<\/td>\n<\/tr>\n<tr>\n<td>18<\/td>\n<td>N. MMenor<\/td>\n<td>Roblero<\/td>\n<td>Navarrete<\/td>\n<td>Trinidad Aurora Francisca<\/td>\n<\/tr>\n<tr>\n<td>19<\/td>\n<td>N. MMenor<\/td>\n<td>Vallejos<\/td>\n<td>B\u00f3rquez<\/td>\n<td>Pedro Javier<\/td>\n<\/tr>\n<tr>\n<td>20<\/td>\n<td>N. MMenor<\/td>\n<td>Mu\u00f1oz<\/td>\n<td>Bizama<\/td>\n<td>Ignacia Martina<\/td>\n<\/tr>\n<tr>\n<td>21<\/td>\n<td>N. MMenor<\/td>\n<td>Villarroel<\/td>\n<td>V\u00e1squez<\/td>\n<td>Baltazar Nahuel<\/td>\n<\/tr>\n<tr>\n<td>22<\/td>\n<td>N. MMenor<\/td>\n<td>Salazar<\/td>\n<td>Oval<\/td>\n<td>Crist\u00f3bal Javier<\/td>\n<\/tr>\n<tr>\n<td>23<\/td>\n<td>N. MMenor<\/td>\n<td>Cares<\/td>\n<td>Bustamante<\/td>\n<td>Josefina<\/td>\n<\/tr>\n<tr>\n<td>24<\/td>\n<td>N. MMenor<\/td>\n<td>Munarriz<\/td>\n<td>Gonz\u00e1lez<\/td>\n<td>Asier<\/td>\n<\/tr>\n<\/tbody>\n<\/table>\n<\/div>\n<p>&nbsp;<\/p>\n<p><b>NIVEL: MEDIO MAYOR<\/b><\/p>\n<div>\n<table border=\"0\">\n<tbody>\n<tr>\n<td><b>Curso<\/b><\/td>\n<td colspan=\"3\"><b>Identificaci\u00f3n Alumno<\/b><\/td>\n<\/tr>\n<tr>\n<td><b>Post.<\/b><\/td>\n<td><b>Ap. Pat.<\/b><\/td>\n<td><b>Ap.Mat.<\/b><\/td>\n<td><b>Nombres<\/b><\/td>\n<\/tr>\n<tr>\n<td>N M.Mayor<\/td>\n<td>Grez<\/td>\n<td>Op\u00edtz<\/td>\n<td>Crist\u00f3bal Tom\u00e1s<\/td>\n<\/tr>\n<tr>\n<td>N M.Mayor<\/td>\n<td>Ceballos<\/td>\n<td>Sanhueza<\/td>\n<td>Mateo Alonso<\/td>\n<\/tr>\n<tr>\n<td>N M.Mayor<\/td>\n<td>Rehbein<\/td>\n<td>Loaiza<\/td>\n<td>Nicol\u00e1s Alejandro<\/td>\n<\/tr>\n<tr>\n<td>N M.Mayor<\/td>\n<td>Saavedra<\/td>\n<td>Le\u00f3n<\/td>\n<td>Benjam\u00edn Antonio<\/td>\n<\/tr>\n<tr>\n<td>N M.Mayor<\/td>\n<td>Cares<\/td>\n<td>Bustamante<\/td>\n<td>Mart\u00edn Alonso<\/td>\n<\/tr>\n<tr>\n<td>N M.Mayor<\/td>\n<td>Venegas<\/td>\n<td>Isaula<\/td>\n<td>Adri\u00e1n Alejandro<\/td>\n<\/tr>\n<tr>\n<td>N M.Mayor<\/td>\n<td>Castro<\/td>\n<td>Garc\u00eda<\/td>\n<td>Agust\u00edn Mateo<\/td>\n<\/tr>\n<tr>\n<td>N M.Mayor<\/td>\n<td>Cisterna<\/td>\n<td>Hausdorf<\/td>\n<td>Mat\u00edas Augusto<\/td>\n<\/tr>\n<tr>\n<td>N M.Mayor<\/td>\n<td>Duhart<\/td>\n<td>Sep\u00falveda<\/td>\n<td>Giulianna Violeta<\/td>\n<\/tr>\n<tr>\n<td>N M.Mayor<\/td>\n<td>Vyhmeister<\/td>\n<td>Tampe<\/td>\n<td>Emma Sophia<\/td>\n<\/tr>\n<tr>\n<td>N M.Mayor<\/td>\n<td>Orellana<\/td>\n<td>Sobarzo<\/td>\n<td>Sof\u00eda Emilia<\/td>\n<\/tr>\n<tr>\n<td>N M.Mayor<\/td>\n<td>Danzinger<\/td>\n<td>Opitz<\/td>\n<td>Stefan Paul<\/td>\n<\/tr>\n<tr>\n<td>N M.Mayor<\/td>\n<td>Fyfe<\/td>\n<td>Soto<\/td>\n<td>Lucas Kai<\/td>\n<\/tr>\n<tr>\n<td>N M.Mayor<\/td>\n<td>Nielsen<\/td>\n<td>Tampe<\/td>\n<td>Gaspar Antonio<\/td>\n<\/tr>\n<tr>\n<td>N M.Mayor<\/td>\n<td>Pacheco<\/td>\n<td>Arrive<\/td>\n<td>Isidora Teresa<\/td>\n<\/tr>\n<tr>\n<td>N M.Mayor<\/td>\n<td>Prado<\/td>\n<td>Ovalle<\/td>\n<td>Diego<\/td>\n<\/tr>\n<tr>\n<td>N M.Mayor<\/td>\n<td>Bachmann<\/td>\n<td>Koberl<\/td>\n<td>Markus<\/td>\n<\/tr>\n<tr>\n<td>N M.Mayor<\/td>\n<td>Gallardo<\/td>\n<td>Provoste<\/td>\n<td>Mar\u00eda Catalina<\/td>\n<\/tr>\n<tr>\n<td>N M.Mayor<\/td>\n<td>Rojas<\/td>\n<td>Opazo<\/td>\n<td>Trinidad Isidora<\/td>\n<\/tr>\n<tr>\n<td>N M.Mayor<\/td>\n<td>Navarro<\/td>\n<td>Ch\u00e1vez<\/td>\n<td>Violeta Ignacia<\/td>\n<\/tr>\n<tr>\n<td>N M.Mayor<\/td>\n<td>Kusch<\/td>\n<td>Schwerter<\/td>\n<td>Andreas Christopher<\/td>\n<\/tr>\n<tr>\n<td>N M.Mayor<\/td>\n<td>Vel\u00e1squez<\/td>\n<td>S\u00e1ez<\/td>\n<td>Amaya Constanza<\/td>\n<\/tr>\n<tr>\n<td>N M.Mayor<\/td>\n<td>Vel\u00e1squez<\/td>\n<td>S\u00e1ez<\/td>\n<td>Trinidad Ignacia<\/td>\n<\/tr>\n<tr>\n<td>N M.Mayor<\/td>\n<td>Do Amaral<\/td>\n<td>Hojas<\/td>\n<td>Renato Gabriel<\/td>\n<\/tr>\n<tr>\n<td>N M.Mayor<\/td>\n<td>Ch\u00e1vez<\/td>\n<td>Vel\u00e1squez<\/td>\n<td>Gracia Florencia<\/td>\n<\/tr>\n<tr>\n<td>N M.Mayor<\/td>\n<td>Gonz\u00e1lez<\/td>\n<td>Altamirano<\/td>\n<td>Josefina Trinidad<\/td>\n<\/tr>\n<tr>\n<td>N M.Mayor<\/td>\n<td>Vera<\/td>\n<td>Almeida<\/td>\n<td>Amal\u00eda Luc\u00eda<\/td>\n<\/tr>\n<tr>\n<td>N M.Mayor<\/td>\n<td>Cristi<\/td>\n<td>Cancino<\/td>\n<td>Ana\u00eds Angeles<\/td>\n<\/tr>\n<tr>\n<td>N M.Mayor<\/td>\n<td>Pastene<\/td>\n<td>Silva<\/td>\n<td>Laura<\/td>\n<\/tr>\n<tr>\n<td>N M.Mayor<\/td>\n<td>Mella<\/td>\n<td>Gatica<\/td>\n<td>Salvador Alonso<\/td>\n<\/tr>\n<tr>\n<td>N M.Mayor<\/td>\n<td>Castillo<\/td>\n<td>Schwarzhaupt<\/td>\n<td>Amparo<\/td>\n<\/tr>\n<tr>\n<td>N M.Mayor<\/td>\n<td>Irarr\u00e1zaval<\/td>\n<td>C\u00e1rdenas<\/td>\n<td>Clemente<\/td>\n<\/tr>\n<tr>\n<td>N M.Mayor<\/td>\n<td>Pinto<\/td>\n<td>Gonz\u00e1lez<\/td>\n<td>Guillermo Andr\u00e9s<\/td>\n<\/tr>\n<tr>\n<td>N M.Mayor<\/td>\n<td>Felmer<\/td>\n<td>Heredia<\/td>\n<td>Juan Pablo<\/td>\n<\/tr>\n<tr>\n<td>N M.Mayor<\/td>\n<td>Robles<\/td>\n<td>Soto<\/td>\n<td>Santino Ignacio<\/td>\n<\/tr>\n<tr>\n<td>N M.Mayor<\/td>\n<td>Benghi<\/td>\n<td>Meyer<\/td>\n<td>Anneliese Isabella Daisy<\/td>\n<\/tr>\n<tr>\n<td>N M.Mayor<\/td>\n<td>Delgado<\/td>\n<td>Dorner<\/td>\n<td>Juan Ignacio<\/td>\n<\/tr>\n<tr>\n<td>N M.Mayor<\/td>\n<td>L\u00f3pez<\/td>\n<td>Briones<\/td>\n<td>Colomba Isidora<\/td>\n<\/tr>\n<tr>\n<td>N M.Mayor<\/td>\n<td>Toloza<\/td>\n<td>Sleman<\/td>\n<td>Emilia Sofia<\/td>\n<\/tr>\n<tr>\n<td>N M.Mayor<\/td>\n<td>Carrasco<\/td>\n<td>Calderon<\/td>\n<td>Alonso Salvador<\/td>\n<\/tr>\n<\/tbody>\n<\/table>\n<\/div>\n<p>[\/vc_column_text][\/vc_column][vc_column][vc_separator][\/vc_column][\/vc_row][vc_row][vc_column][vc_column_text]<\/p>\n<h1 class=\"contentheading\">Cupos disponibles para a\u00f1o: 2024<\/h1>\n<p>[\/vc_column_text][\/vc_column][\/vc_row][vc_row][vc_column][vc_column_text]<\/p>\n<table style=\"height: 876px;\" width=\"517\">\n<tbody>\n<tr>\n<td width=\"138\">Nivel Medio Menor<\/td>\n<td width=\"80\">Sin vacantes<\/td>\n<\/tr>\n<tr>\n<td>Nivel Medio Mayor<\/td>\n<td><strong>6 vacantes (actualizaci\u00f3n 10-01-2024)<\/strong><br \/>\nInteresados en postular, favor comunicarse directamente a los correos <a href=\"mailto:mfarias@colegiogermania.cl\">mfarias@colegiogermania.cl<\/a> o <a href=\"mailto:mrosas@colegiogermania.cl\">mrosas@colegiogermania.cl<\/a><\/td>\n<\/tr>\n<tr>\n<td>Pre-Kinder<\/td>\n<td><strong>3 vacantes (actualizaci\u00f3n 10-01-2024)<\/strong><br \/>\nInteresados en postular, favor comunicarse directamente a los correos <a href=\"mailto:mfarias@colegiogermania.cl\">mfarias@colegiogermania.cl<\/a> o <a href=\"mailto:mrosas@colegiogermania.cl\">mrosas@colegiogermania.cl<\/a><\/td>\n<\/tr>\n<tr>\n<td>Kinder<\/td>\n<td>Sin vacantes<\/td>\n<\/tr>\n<tr>\n<td>1\u00ba B\u00e1sico<\/td>\n<td>Sin vacantes<\/td>\n<\/tr>\n<tr>\n<td>2\u00ba B\u00e1sico<\/td>\n<td>Sin vacantes<\/td>\n<\/tr>\n<tr>\n<td>3\u00ba B\u00e1sico<\/td>\n<td>Sin vacantes<\/td>\n<\/tr>\n<tr>\n<td>4\u00ba B\u00e1sico<\/td>\n<td>Sin vacantes<\/td>\n<\/tr>\n<tr>\n<td>5\u00ba B\u00e1sico<\/td>\n<td>Sin vacantes<\/td>\n<\/tr>\n<tr>\n<td>6\u00ba B\u00e1sico<\/td>\n<td>Sin vacantes<\/td>\n<\/tr>\n<tr>\n<td>7\u00ba B\u00e1sico<\/td>\n<td>Sin vacantes<\/td>\n<\/tr>\n<tr>\n<td>8\u00ba B\u00e1sico<\/td>\n<td>Sin vacantes<\/td>\n<\/tr>\n<tr>\n<td>I\u00ba Medio<\/td>\n<td>Sin vacantes<\/td>\n<\/tr>\n<tr>\n<td>II\u00ba Medio<\/td>\n<td>Sin vacantes<\/td>\n<\/tr>\n<tr>\n<td>III\u00ba Medio<\/td>\n<td>Sin vacantes<\/td>\n<\/tr>\n<tr>\n<td>IV\u00ba Medio<\/td>\n<td>Sin vacantes<\/td>\n<\/tr>\n<\/tbody>\n<\/table>\n<p>[\/vc_column_text][vc_separator][\/vc_column][\/vc_row]<\/p>\n<\/section>","protected":false},"excerpt":{"rendered":"<p>[vc_row][vc_column][vc_column_text] Cupos Disponibles: Proceso extraordinario de postulaci\u00f3n 2024 El Colegio Germania del Verbo Divino informa que dispone de las siguientes [&hellip;]<\/p>\n","protected":false},"author":1,"featured_media":0,"parent":0,"menu_order":0,"comment_status":"closed","ping_status":"closed","template":"","meta":{"footnotes":""},"_links":{"self":[{"href":"http:\/\/www.colegiogermania.cl\/principal\/wp-json\/wp\/v2\/pages\/3931"}],"collection":[{"href":"http:\/\/www.colegiogermania.cl\/principal\/wp-json\/wp\/v2\/pages"}],"about":[{"href":"http:\/\/www.colegiogermania.cl\/principal\/wp-json\/wp\/v2\/types\/page"}],"author":[{"embeddable":true,"href":"http:\/\/www.colegiogermania.cl\/principal\/wp-json\/wp\/v2\/users\/1"}],"replies":[{"embeddable":true,"href":"http:\/\/www.colegiogermania.cl\/principal\/wp-json\/wp\/v2\/comments?post=3931"}],"version-history":[{"count":2,"href":"http:\/\/www.colegiogermania.cl\/principal\/wp-json\/wp\/v2\/pages\/3931\/revisions"}],"predecessor-version":[{"id":3934,"href":"http:\/\/www.colegiogermania.cl\/principal\/wp-json\/wp\/v2\/pages\/3931\/revisions\/3934"}],"wp:attachment":[{"href":"http:\/\/www.colegiogermania.cl\/principal\/wp-json\/wp\/v2\/media?parent=3931"}],"curies":[{"name":"wp","href":"https:\/\/api.w.org\/{rel}","templated":true}]}}