{"id":2449,"date":"2023-05-15T14:14:18","date_gmt":"2023-05-15T17:14:18","guid":{"rendered":"http:\/\/www.colegiogermania.cl\/principal\/?page_id=2449"},"modified":"2023-05-15T14:23:58","modified_gmt":"2023-05-15T17:23:58","slug":"instalaciones","status":"publish","type":"page","link":"https:\/\/www.colegiogermania.cl\/principal\/instalaciones\/","title":{"rendered":"Instalaciones"},"content":{"rendered":"<section class=\"wpb-content-wrapper\"><p>[vc_row][vc_column]<div class=\"rt-vc-research-2\">\n\t\t\t<div class=\"row auto-clear\">\n\t\t\t\t\t\t\t\t\t\t\t<div class=\"col-lg-4 col-md-4 col-sm-6 col-xs-12\">\n\t\t\t\t\t<div class=\"rtin-item\">\n\t\t\t\t\t\t<a href=\"https:\/\/www.colegiogermania.cl\/principal\/research\/auditorium\/\"><img loading=\"lazy\" decoding=\"async\" width=\"410\" height=\"260\" src=\"https:\/\/www.colegiogermania.cl\/principal\/wp-content\/uploads\/2023\/05\/auditorium-410x260.jpg\" class=\"attachment-rdtheme-size2 size-rdtheme-size2 wp-post-image\" alt=\"\" \/><\/a>\n\t\t\t\t\t\t<h3 class=\"rtin-title\"><a href=\"https:\/\/www.colegiogermania.cl\/principal\/research\/auditorium\/\">Audit\u00f3rium<\/a><\/h3>\n\t\t\t\t\t\t<p>Este sal\u00f3n es fruto de un anhelo de muchos a\u00f1os de nuestro Colegio. Su habilitaci\u00f3n se ha logrado gracias al apoyo de diversas instituciones, empresas y personas que han querido colaborar con este proyecto y&hellip;<\/p>\n\t\t\t\t\t<\/div>\n\t\t\t\t<\/div>\n\t\t\t\t\t\t\t\t\t\t\t<div class=\"col-lg-4 col-md-4 col-sm-6 col-xs-12\">\n\t\t\t\t\t<div class=\"rtin-item\">\n\t\t\t\t\t\t<a href=\"https:\/\/www.colegiogermania.cl\/principal\/research\/biblioteca\/\"><img loading=\"lazy\" decoding=\"async\" width=\"410\" height=\"260\" src=\"https:\/\/www.colegiogermania.cl\/principal\/wp-content\/uploads\/2023\/05\/biblioteca-410x260.jpg\" class=\"attachment-rdtheme-size2 size-rdtheme-size2 wp-post-image\" alt=\"\" \/><\/a>\n\t\t\t\t\t\t<h3 class=\"rtin-title\"><a href=\"https:\/\/www.colegiogermania.cl\/principal\/research\/biblioteca\/\">Biblioteca<\/a><\/h3>\n\t\t\t\t\t\t<p>La biblioteca de nuestro colegio ha cumplido desde sus or\u00edgenes con la misi\u00f3n de apoyar la implementaci\u00f3n del curriculum y de generar instancias de aprendizaje, en un espacio adecuado que contiene todos los recursos educativos&hellip;<\/p>\n\t\t\t\t\t<\/div>\n\t\t\t\t<\/div>\n\t\t\t\t\t\t\t\t\t\t\t<div class=\"col-lg-4 col-md-4 col-sm-6 col-xs-12\">\n\t\t\t\t\t<div class=\"rtin-item\">\n\t\t\t\t\t\t<a href=\"https:\/\/www.colegiogermania.cl\/principal\/research\/capilla\/\"><img loading=\"lazy\" decoding=\"async\" width=\"410\" height=\"260\" src=\"https:\/\/www.colegiogermania.cl\/principal\/wp-content\/uploads\/2023\/05\/capilla-1-410x260.jpg\" class=\"attachment-rdtheme-size2 size-rdtheme-size2 wp-post-image\" alt=\"\" \/><\/a>\n\t\t\t\t\t\t<h3 class=\"rtin-title\"><a href=\"https:\/\/www.colegiogermania.cl\/principal\/research\/capilla\/\">Capilla<\/a><\/h3>\n\t\t\t\t\t\t<p>Capilla Tiene una capacidad para 150 personas c\u00f3modamente sentadas. Nuestra capilla est\u00e1 a disposici\u00f3n de toda la comunidad en general para celebrar los sacramentos de bautismo, matrimonio, etc. Los invitamos especialmente a participar de nuestras&hellip;<\/p>\n\t\t\t\t\t<\/div>\n\t\t\t\t<\/div>\n\t\t\t\t\t\t\t\t\t\t\t<div class=\"col-lg-4 col-md-4 col-sm-6 col-xs-12\">\n\t\t\t\t\t<div class=\"rtin-item\">\n\t\t\t\t\t\t<a href=\"https:\/\/www.colegiogermania.cl\/principal\/research\/casino-y-comedores\/\"><img loading=\"lazy\" decoding=\"async\" width=\"410\" height=\"260\" src=\"https:\/\/www.colegiogermania.cl\/principal\/wp-content\/uploads\/2023\/05\/casino-410x260.jpg\" class=\"attachment-rdtheme-size2 size-rdtheme-size2 wp-post-image\" alt=\"\" \/><\/a>\n\t\t\t\t\t\t<h3 class=\"rtin-title\"><a href=\"https:\/\/www.colegiogermania.cl\/principal\/research\/casino-y-comedores\/\">Casino y Comedores<\/a><\/h3>\n\t\t\t\t\t\t<p>Casino y Comedores Moderno Casino concesionado con sistema de autoservicio. Distribuido en dos comedores, tiene capacidad para atender a un total de 700 alumnos (de 1\u00ba b\u00e1sico a IV\u00ba medio) en dos turnos de almuerzo.&hellip;<\/p>\n\t\t\t\t\t<\/div>\n\t\t\t\t<\/div>\n\t\t\t\t\t\t\t\t\t\t\t<div class=\"col-lg-4 col-md-4 col-sm-6 col-xs-12\">\n\t\t\t\t\t<div class=\"rtin-item\">\n\t\t\t\t\t\t<a href=\"https:\/\/www.colegiogermania.cl\/principal\/research\/gimnasios\/\"><img loading=\"lazy\" decoding=\"async\" width=\"410\" height=\"260\" src=\"https:\/\/www.colegiogermania.cl\/principal\/wp-content\/themes\/eikra\/assets\/img\/noimage-410x260.jpg\" alt=\"Gimnasios\"><\/a>\n\t\t\t\t\t\t<h3 class=\"rtin-title\"><a href=\"https:\/\/www.colegiogermania.cl\/principal\/research\/gimnasios\/\">Gimnasios<\/a><\/h3>\n\t\t\t\t\t\t<p>Gimnasios Nuestro gimnasio principal posee un total de 1.100 m2, dividido en una cancha de 946 m2, 390 m2 de cancha de b\u00e1squetbol, 2 canchas de voleibol, y grader\u00edas con capacidad para 500 personas. Cuenta&hellip;<\/p>\n\t\t\t\t\t<\/div>\n\t\t\t\t<\/div>\n\t\t\t\t\t\t\t\t\t\t\t<div class=\"col-lg-4 col-md-4 col-sm-6 col-xs-12\">\n\t\t\t\t\t<div class=\"rtin-item\">\n\t\t\t\t\t\t<a href=\"https:\/\/www.colegiogermania.cl\/principal\/research\/laboratorio-de-ciencias\/\"><img loading=\"lazy\" decoding=\"async\" width=\"410\" height=\"260\" src=\"https:\/\/www.colegiogermania.cl\/principal\/wp-content\/uploads\/2023\/05\/laboratorio_ciencias-410x260.jpg\" class=\"attachment-rdtheme-size2 size-rdtheme-size2 wp-post-image\" alt=\"\" \/><\/a>\n\t\t\t\t\t\t<h3 class=\"rtin-title\"><a href=\"https:\/\/www.colegiogermania.cl\/principal\/research\/laboratorio-de-ciencias\/\">Laboratorio de Ciencias<\/a><\/h3>\n\t\t\t\t\t\t<p>Laboratorio de Ciencias Laboratorio de 78m2, acondicionado para que 34 alumnos puedan trabajar en mesones abastecidos con mecheros, lavaplatos y todo el material necesario para desarrollar sus experimentos.<\/p>\n\t\t\t\t\t<\/div>\n\t\t\t\t<\/div>\n\t\t\t\t\t\t\t\t\t\t\t<div class=\"col-lg-4 col-md-4 col-sm-6 col-xs-12\">\n\t\t\t\t\t<div class=\"rtin-item\">\n\t\t\t\t\t\t<a href=\"https:\/\/www.colegiogermania.cl\/principal\/research\/laboratorios-de-informatica\/\"><img loading=\"lazy\" decoding=\"async\" width=\"410\" height=\"260\" src=\"https:\/\/www.colegiogermania.cl\/principal\/wp-content\/themes\/eikra\/assets\/img\/noimage-410x260.jpg\" alt=\"Laboratorios de Inform\u00e1tica\"><\/a>\n\t\t\t\t\t\t<h3 class=\"rtin-title\"><a href=\"https:\/\/www.colegiogermania.cl\/principal\/research\/laboratorios-de-informatica\/\">Laboratorios de Inform\u00e1tica<\/a><\/h3>\n\t\t\t\t\t\t<p>Laboratorios de Inform\u00e1tica Dos amplios laboratorios en el segundo y tercer piso del edificio central, donde los estudiantes tienen acceso a un computador en conexi\u00f3n online con el profesor de la asignatura, lo que permite&hellip;<\/p>\n\t\t\t\t\t<\/div>\n\t\t\t\t<\/div>\n\t\t\t\t\t\t\t\t\t\t\t<div class=\"col-lg-4 col-md-4 col-sm-6 col-xs-12\">\n\t\t\t\t\t<div class=\"rtin-item\">\n\t\t\t\t\t\t<a href=\"https:\/\/www.colegiogermania.cl\/principal\/research\/patio-de-recreo-e-instalaciones-deportivas\/\"><img loading=\"lazy\" decoding=\"async\" width=\"410\" height=\"260\" src=\"https:\/\/www.colegiogermania.cl\/principal\/wp-content\/uploads\/2023\/05\/DSC01138-410x260.jpg\" class=\"attachment-rdtheme-size2 size-rdtheme-size2 wp-post-image\" alt=\"\" \/><\/a>\n\t\t\t\t\t\t<h3 class=\"rtin-title\"><a href=\"https:\/\/www.colegiogermania.cl\/principal\/research\/patio-de-recreo-e-instalaciones-deportivas\/\">Patio de Recreo e Instalaciones Deportivas<\/a><\/h3>\n\t\t\t\t\t\t<p>Patio de Recreo e Instalaciones Deportivas Nuestro colegio cuenta con un espacio de 7.700 metros cuadrados de patio e instalaciones deportivas al aire libre, que se utilizan tanto para recreo y esparcimiento como para la&hellip;<\/p>\n\t\t\t\t\t<\/div>\n\t\t\t\t<\/div>\n\t\t\t\t\t\t\t\t\t\t\t<div class=\"col-lg-4 col-md-4 col-sm-6 col-xs-12\">\n\t\t\t\t\t<div class=\"rtin-item\">\n\t\t\t\t\t\t<a href=\"https:\/\/www.colegiogermania.cl\/principal\/research\/refugio-andino\/\"><img loading=\"lazy\" decoding=\"async\" width=\"410\" height=\"260\" src=\"https:\/\/www.colegiogermania.cl\/principal\/wp-content\/uploads\/2023\/05\/refugio_2023-410x260.jpg\" class=\"attachment-rdtheme-size2 size-rdtheme-size2 wp-post-image\" alt=\"\" \/><\/a>\n\t\t\t\t\t\t<h3 class=\"rtin-title\"><a href=\"https:\/\/www.colegiogermania.cl\/principal\/research\/refugio-andino\/\">Refugio Andino<\/a><\/h3>\n\t\t\t\t\t\t<p>El colegio posee un refugio Andino en los faldeos del Volc\u00e1n Osorno, completamente implementado para 50 visitantes; con luz, agua caliente y todas las necesidades de la monta\u00f1a. Este refugio est\u00e1 a disposici\u00f3n de la&hellip;<\/p>\n\t\t\t\t\t<\/div>\n\t\t\t\t<\/div>\n\t\t\t\t\t\t\t\t\t\t\t<div class=\"col-lg-4 col-md-4 col-sm-6 col-xs-12\">\n\t\t\t\t\t<div class=\"rtin-item\">\n\t\t\t\t\t\t<a href=\"https:\/\/www.colegiogermania.cl\/principal\/research\/sala-de-proyecciones-audiovisuales\/\"><img loading=\"lazy\" decoding=\"async\" width=\"410\" height=\"260\" src=\"https:\/\/www.colegiogermania.cl\/principal\/wp-content\/uploads\/2023\/05\/sala_video-410x260.jpg\" class=\"attachment-rdtheme-size2 size-rdtheme-size2 wp-post-image\" alt=\"\" \/><\/a>\n\t\t\t\t\t\t<h3 class=\"rtin-title\"><a href=\"https:\/\/www.colegiogermania.cl\/principal\/research\/sala-de-proyecciones-audiovisuales\/\">Sala de Proyecciones Audiovisuales<\/a><\/h3>\n\t\t\t\t\t\t<p>Sala de 120 m2, calefaccionada y alfombrada. Su capacidad es de 124 butacas.<\/p>\n\t\t\t\t\t<\/div>\n\t\t\t\t<\/div>\n\t\t\t\t\t\t<div class=\"col-sm-12 col-xs-12\"><\/div>\n\t\t<\/div>\n\t\t<\/div>[\/vc_column][\/vc_row]<\/p>\n<\/section>","protected":false},"excerpt":{"rendered":"<p>[vc_row][vc_column][\/vc_column][\/vc_row]<\/p>\n","protected":false},"author":1,"featured_media":0,"parent":0,"menu_order":0,"comment_status":"closed","ping_status":"closed","template":"","meta":{"footnotes":""},"class_list":["post-2449","page","type-page","status-publish","hentry"],"_links":{"self":[{"href":"https:\/\/www.colegiogermania.cl\/principal\/wp-json\/wp\/v2\/pages\/2449","targetHints":{"allow":["GET"]}}],"collection":[{"href":"https:\/\/www.colegiogermania.cl\/principal\/wp-json\/wp\/v2\/pages"}],"about":[{"href":"https:\/\/www.colegiogermania.cl\/principal\/wp-json\/wp\/v2\/types\/page"}],"author":[{"embeddable":true,"href":"https:\/\/www.colegiogermania.cl\/principal\/wp-json\/wp\/v2\/users\/1"}],"replies":[{"embeddable":true,"href":"https:\/\/www.colegiogermania.cl\/principal\/wp-json\/wp\/v2\/comments?post=2449"}],"version-history":[{"count":6,"href":"https:\/\/www.colegiogermania.cl\/principal\/wp-json\/wp\/v2\/pages\/2449\/revisions"}],"predecessor-version":[{"id":2463,"href":"https:\/\/www.colegiogermania.cl\/principal\/wp-json\/wp\/v2\/pages\/2449\/revisions\/2463"}],"wp:attachment":[{"href":"https:\/\/www.colegiogermania.cl\/principal\/wp-json\/wp\/v2\/media?parent=2449"}],"curies":[{"name":"wp","href":"https:\/\/api.w.org\/{rel}","templated":true}]}}