{"id":2500,"date":"2023-05-16T10:02:02","date_gmt":"2023-05-16T13:02:02","guid":{"rendered":"http:\/\/www.colegiogermania.cl\/principal\/?page_id=2500"},"modified":"2023-05-16T10:02:02","modified_gmt":"2023-05-16T13:02:02","slug":"himno-colegio-germania","status":"publish","type":"page","link":"https:\/\/www.colegiogermania.cl\/principal\/himno-colegio-germania\/","title":{"rendered":"Himno Colegio Germania"},"content":{"rendered":"<section class=\"wpb-content-wrapper\"><p>[vc_row][vc_column][vc_column_text]<strong>Colegio Germania del Verbo Divino<\/strong><\/p>\n<p>Autores: Jos\u00e9 Riveros y H\u00e9ctor Guti\u00e9rrez<\/p>\n<hr \/>\n<p>[\/vc_column_text][\/vc_column][\/vc_row][vc_row][vc_column width=\u00bb1\/4&#8243;][vc_column_text]Juventud en el sur que despierta<br \/>\nla esperanza que escribe el saber<br \/>\npensamientos que recorren mis tierras<br \/>\ncon la fe de encontrar la verdad.<\/p>\n<p>\u00a1Oh! Colegio Templo Sagrado<br \/>\nde la ciencia, la paz y el amor<br \/>\nen tus aulas forjamos anhelos<br \/>\nde servir a la Patria y a Dios.<\/p>\n<p>Germania con amor.<br \/>\nGermania somos tu voz<br \/>\nmientras Puerto Varas despierta<br \/>\ntus hijos marchamos al sol.<\/p>\n<p>Germania coraz\u00f3n<br \/>\nGermania somos tu voz<br \/>\nlos Andes y el lago contemplan<br \/>\nnuestro sue\u00f1o de esfuerzo y valor.<\/p>\n<p>Juventud orgullosa que hereda<br \/>\nde la patria historia y honor<br \/>\nde vivir sembrando el futuro<br \/>\ncada d\u00eda m\u00e1s alto llegar.[\/vc_column_text][\/vc_column][vc_column width=\u00bb3\/4&#8243;][vc_single_image image=\u00bb2073&#8243; img_size=\u00bblarge\u00bb css=\u00bb.vc_custom_1684242074483{padding-top: 55px !important;}\u00bb][\/vc_column][\/vc_row][vc_row][vc_column][vc_column_text]<\/p>\n<audio class=\"wp-audio-shortcode\" id=\"audio-2500-1\" preload=\"none\" style=\"width: 100%;\" controls=\"controls\"><source type=\"audio\/mpeg\" src=\"http:\/\/www.colegiogermania.cl\/principal\/wp-content\/uploads\/2023\/05\/himno.mp3?_=1\" \/><a href=\"http:\/\/www.colegiogermania.cl\/principal\/wp-content\/uploads\/2023\/05\/himno.mp3\">http:\/\/www.colegiogermania.cl\/principal\/wp-content\/uploads\/2023\/05\/himno.mp3<\/a><\/audio>\n<p>[\/vc_column_text][\/vc_column][\/vc_row]<\/p>\n<\/section>","protected":false},"excerpt":{"rendered":"<p>[vc_row][vc_column][vc_column_text]Colegio Germania del Verbo Divino Autores: Jos\u00e9 Riveros y H\u00e9ctor Guti\u00e9rrez [\/vc_column_text][\/vc_column][\/vc_row][vc_row][vc_column width=\u00bb1\/4&#8243;][vc_column_text]Juventud en el sur que despierta la esperanza [&hellip;]<\/p>\n","protected":false},"author":1,"featured_media":0,"parent":0,"menu_order":0,"comment_status":"closed","ping_status":"closed","template":"","meta":{"footnotes":""},"class_list":["post-2500","page","type-page","status-publish","hentry"],"_links":{"self":[{"href":"https:\/\/www.colegiogermania.cl\/principal\/wp-json\/wp\/v2\/pages\/2500","targetHints":{"allow":["GET"]}}],"collection":[{"href":"https:\/\/www.colegiogermania.cl\/principal\/wp-json\/wp\/v2\/pages"}],"about":[{"href":"https:\/\/www.colegiogermania.cl\/principal\/wp-json\/wp\/v2\/types\/page"}],"author":[{"embeddable":true,"href":"https:\/\/www.colegiogermania.cl\/principal\/wp-json\/wp\/v2\/users\/1"}],"replies":[{"embeddable":true,"href":"https:\/\/www.colegiogermania.cl\/principal\/wp-json\/wp\/v2\/comments?post=2500"}],"version-history":[{"count":7,"href":"https:\/\/www.colegiogermania.cl\/principal\/wp-json\/wp\/v2\/pages\/2500\/revisions"}],"predecessor-version":[{"id":2508,"href":"https:\/\/www.colegiogermania.cl\/principal\/wp-json\/wp\/v2\/pages\/2500\/revisions\/2508"}],"wp:attachment":[{"href":"https:\/\/www.colegiogermania.cl\/principal\/wp-json\/wp\/v2\/media?parent=2500"}],"curies":[{"name":"wp","href":"https:\/\/api.w.org\/{rel}","templated":true}]}}