{"id":2676,"date":"2023-05-18T15:37:05","date_gmt":"2023-05-18T18:37:05","guid":{"rendered":"http:\/\/www.colegiogermania.cl\/principal\/?page_id=2676"},"modified":"2023-07-28T17:37:56","modified_gmt":"2023-07-28T20:37:56","slug":"pastoral","status":"publish","type":"page","link":"https:\/\/www.colegiogermania.cl\/principal\/pastoral\/","title":{"rendered":"Pastoral"},"content":{"rendered":"<section class=\"wpb-content-wrapper\"><p>[vc_row][vc_column width=\u00bb1\/2&#8243;]<div class=\"rt-vc-event rt-event-block-wrapper\">\n    <h2 class=\"rt-vc-title-left\">Pr\u00f3ximas Actividades de Pastoral<\/h2>\n\t        <div class=\"media rtin-item\" style=\"background-color:#ffffff\">No Events Available<\/div>\n\t<\/div>[\/vc_column][vc_column width=\u00bb1\/2&#8243;][vc_single_image image=\u00bb3027&#8243; img_size=\u00bbfull\u00bb alignment=\u00bbcenter\u00bb][\/vc_column][\/vc_row][vc_row][vc_column][vc_separator border_width=\u00bb2&#8243; css=\u00bb.vc_custom_1690576205065{border-bottom-width: 55px !important;padding-top: 55px !important;}\u00bb][\/vc_column][\/vc_row][vc_row][vc_column][vc_column_text]<strong>La misi\u00f3n verbita en los colegios: <\/strong><\/p>\n<p>\u201cAl comprometernos en el apostolado de la ense\u00f1anza quisi\u00e9ramos hacer del Colegio un lugar de evangelizaci\u00f3n, en el cual se pueda escuchar la Palabra de Dios y experimentar su fuerza liberadora en la vida privada y social de las personas; un lugar en el que pueda cultivarse el sentido de universalidad de la Iglesia y de su misi\u00f3n\u201d. (Constituci\u00f3n Verbo Divino. Art\u00edculo 109, punto 3)<\/p>\n<p>&nbsp;<\/p>\n<p><strong>OBJETIVOS:<\/strong><\/p>\n<ul>\n<li>Crear una comunidad escolar iluminada por la fe donde todos perciban la presencia de Jes\u00fas<\/li>\n<li>Colaborar en la formaci\u00f3n integral de todos los integrantes de nuestra comunidad educativa, para manifestar a trav\u00e9s de su persona la vivencia de los valores del Evangelio.<\/li>\n<li>Promover el esp\u00edritu solidario en la comunidad escolar.<\/li>\n<li>Presentar a Cristo como un entusiasmante proyecto de vida.<\/li>\n<li>Enfatizar la lectura, reflexi\u00f3n, meditaci\u00f3n y vivencia de la Palabra de Dios, para que podamos ser escuela de proyecci\u00f3n misionera Verbita.<\/li>\n<\/ul>\n<p>&nbsp;<\/p>\n<p><strong>Trabajo Pastoral en Educaci\u00f3n Parvularia<\/strong><\/p>\n<ul>\n<li>Celebraci\u00f3n de Semana Santa y liturgias especiales (Sagrado Coraz\u00f3n de Jes\u00fas, Asunci\u00f3n de la Virgen, Canonizaci\u00f3n de los Santos Arnoldo Janssen y Jos\u00e9 Freinademetz)<\/li>\n<li>Visita semanales a todos los cursos de ed. Parvularia<\/li>\n<li>Presentaci\u00f3n del P\u00e1rvulo a la Iglesia<\/li>\n<li>Mes de la Biblia<\/li>\n<li>Mes de Mar\u00eda<\/li>\n<li>Celebraci\u00f3n de Navidad.<\/li>\n<\/ul>\n<p>&nbsp;<\/p>\n<p><strong>Trabajo Pastoral en Ciclos I y II<\/strong><\/p>\n<ul>\n<li>Al Encuentro con el Verbo<\/li>\n<li>Celebraciones Lit\u00fargicas<\/li>\n<li>Retiros de Curso<\/li>\n<li>Acci\u00f3n Social Solidaria<\/li>\n<li>Misiones de Verano<\/li>\n<li>Infancia misionera<\/li>\n<li>Catequesis de Primera Comuni\u00f3n<\/li>\n<li>Catequesis de Confirmaci\u00f3n<\/li>\n<li>Ac\u00f3litos<\/li>\n<\/ul>\n<p>&nbsp;<\/p>\n<p><strong>Pastoral\u00a0 Social \u2013 Apoderados Delegados de Misi\u00f3n<\/strong><strong>\u00a0<\/strong><\/p>\n<ul>\n<li>Apoyo a los Hogares de Menores y Residencias de la Fundaci\u00f3n Verbo Divino<\/li>\n<li>Acci\u00f3n Social con familias de Puerto Chico, apadrinadas por cada curso.<\/li>\n<\/ul>\n<p>[\/vc_column_text][\/vc_column][\/vc_row][vc_row][vc_column][\/vc_column][\/vc_row]<\/p>\n<\/section>","protected":false},"excerpt":{"rendered":"<p>[vc_row][vc_column width=\u00bb1\/2&#8243;][\/vc_column][vc_column width=\u00bb1\/2&#8243;][vc_single_image image=\u00bb3027&#8243; img_size=\u00bbfull\u00bb alignment=\u00bbcenter\u00bb][\/vc_column][\/vc_row][vc_row][vc_column][vc_separator border_width=\u00bb2&#8243; css=\u00bb.vc_custom_1690576205065{border-bottom-width: 55px !important;padding-top: 55px !important;}\u00bb][\/vc_column][\/vc_row][vc_row][vc_column][vc_column_text]La misi\u00f3n verbita en los colegios: \u201cAl comprometernos en [&hellip;]<\/p>\n","protected":false},"author":1,"featured_media":0,"parent":0,"menu_order":0,"comment_status":"closed","ping_status":"closed","template":"","meta":{"footnotes":""},"class_list":["post-2676","page","type-page","status-publish","hentry"],"_links":{"self":[{"href":"https:\/\/www.colegiogermania.cl\/principal\/wp-json\/wp\/v2\/pages\/2676","targetHints":{"allow":["GET"]}}],"collection":[{"href":"https:\/\/www.colegiogermania.cl\/principal\/wp-json\/wp\/v2\/pages"}],"about":[{"href":"https:\/\/www.colegiogermania.cl\/principal\/wp-json\/wp\/v2\/types\/page"}],"author":[{"embeddable":true,"href":"https:\/\/www.colegiogermania.cl\/principal\/wp-json\/wp\/v2\/users\/1"}],"replies":[{"embeddable":true,"href":"https:\/\/www.colegiogermania.cl\/principal\/wp-json\/wp\/v2\/comments?post=2676"}],"version-history":[{"count":6,"href":"https:\/\/www.colegiogermania.cl\/principal\/wp-json\/wp\/v2\/pages\/2676\/revisions"}],"predecessor-version":[{"id":3105,"href":"https:\/\/www.colegiogermania.cl\/principal\/wp-json\/wp\/v2\/pages\/2676\/revisions\/3105"}],"wp:attachment":[{"href":"https:\/\/www.colegiogermania.cl\/principal\/wp-json\/wp\/v2\/media?parent=2676"}],"curies":[{"name":"wp","href":"https:\/\/api.w.org\/{rel}","templated":true}]}}